{"id":12,"date":"2014-02-01T13:43:49","date_gmt":"2014-02-01T13:43:49","guid":{"rendered":"https:\/\/pavo.eu\/fr\/?page_id=12"},"modified":"2023-04-06T12:25:29","modified_gmt":"2023-04-06T12:25:29","slug":"manuel","status":"publish","type":"page","link":"https:\/\/pavo.eu\/fr\/soutien\/manuel\/","title":{"rendered":"manuel"},"content":{"rendered":"<p>Nous vous offrons la possibilit\u00e9 de t\u00e9l\u00e9charger le manuel de votre produit Pavo.<\/p>\n<p>L&#8217;offre est encore limit\u00e9e, mais sera compl\u00e9t\u00e9e au fil du temps. Nous vous prions de nous excuser pour ce d\u00e9sagr\u00e9ment.<\/p>\n<h2>comment cela fonctionne-t-il ?<\/h2>\n<p>En dessous, sous un groupe de produits, vous voyez les manuels.<br \/>\nS\u00e9lectionnez ensuite le produit souhait\u00e9.<\/p>\n<p>Un pdf s&#8217;ouvrira automatiquement dans une nouvelle fen\u00eatre. Vous pouvez maintenant imprimer ou sauvegarder le manuel.<\/p>\n<h3>contraignante<\/h3>\n<p>Il n&#8217;y a pas encore de manuels. D\u00e9sol\u00e9 pour la g\u00eane occasionn\u00e9e.<\/p>\n<h3>d\u00e9coupage<\/h3>\n<p>Il n&#8217;y a pas encore de manuels. D\u00e9sol\u00e9 pour la g\u00eane occasionn\u00e9e.<\/p>\n<h3>laminage<\/h3>\n<p><a href=\"https:\/\/pavo.eu\/en\/wp-content\/uploads\/2014\/08\/8004065-1st-laminator-A3.pdf\">8004065-1st-laminator-A3<\/a><\/p>\n<p><a href=\"https:\/\/pavo.eu\/en\/wp-content\/uploads\/2014\/08\/Alaska-Vigor-A3-A4.pdf\">Alaska-Vigor-A3-A4<\/a><\/p>\n<p><a href=\"https:\/\/pavo.eu\/en\/wp-content\/uploads\/2014\/08\/Alaska-Swift-A3-A4.pdf\">Alaska-Swift-A3-A4<\/a><\/p>\n<p><a href=\"https:\/\/pavo.eu\/en\/wp-content\/uploads\/2014\/08\/Colorado-Laminator.pdf\">Colorado-Laminator<\/a><\/p>\n<p><a href=\"https:\/\/pavo.eu\/en\/wp-content\/uploads\/2014\/08\/Ecomaster.pdf\">Ecomaster<\/a><\/p>\n<p><a href=\"https:\/\/pavo.eu\/en\/wp-content\/uploads\/2014\/08\/Fun-Laminator.pdf\">Fun-Laminator<\/a><\/p>\n<p>&nbsp;<\/p>\n","protected":false},"excerpt":{"rendered":"<p>Nous vous offrons la possibilit\u00e9 de t\u00e9l\u00e9charger le manuel de votre produit Pavo. L&#8217;offre est encore limit\u00e9e, mais sera compl\u00e9t\u00e9e au fil du temps. Nous vous prions de nous excuser pour ce d\u00e9sagr\u00e9ment. comment cela fonctionne-t-il ? En dessous, sous un groupe de produits, vous voyez les manuels. S\u00e9lectionnez ensuite le produit souhait\u00e9. Un pdf &#8230; <a title=\"manuel\" class=\"read-more\" href=\"https:\/\/pavo.eu\/fr\/soutien\/manuel\/\" aria-label=\"Read more about manuel\">Lire la suite<\/a><\/p>\n","protected":false},"author":1,"featured_media":0,"parent":9,"menu_order":7,"comment_status":"closed","ping_status":"closed","template":"","meta":{"footnotes":""},"class_list":["post-12","page","type-page","status-publish"],"yoast_head":"<!-- This site is optimized with the Yoast SEO plugin v22.8 - https:\/\/yoast.com\/wordpress\/plugins\/seo\/ -->\n<title>Pavo Sales B.V. manuel<\/title>\n<meta name=\"robots\" content=\"index, follow, max-snippet:-1, max-image-preview:large, max-video-preview:-1\" \/>\n<link rel=\"canonical\" href=\"https:\/\/pavo.eu\/fr\/soutien\/manuel\/\" \/>\n<meta property=\"og:locale\" content=\"fr_FR\" \/>\n<meta property=\"og:type\" content=\"article\" \/>\n<meta property=\"og:title\" content=\"Pavo Sales B.V. manuel\" \/>\n<meta property=\"og:description\" content=\"Nous vous offrons la possibilit\u00e9 de t\u00e9l\u00e9charger le manuel de votre produit Pavo. L&#8217;offre est encore limit\u00e9e, mais sera compl\u00e9t\u00e9e au fil du temps. Nous vous prions de nous excuser pour ce d\u00e9sagr\u00e9ment. comment cela fonctionne-t-il ? En dessous, sous un groupe de produits, vous voyez les manuels. S\u00e9lectionnez ensuite le produit souhait\u00e9. Un pdf ... Lire la suite\" \/>\n<meta property=\"og:url\" content=\"https:\/\/pavo.eu\/fr\/soutien\/manuel\/\" \/>\n<meta property=\"og:site_name\" content=\"Pavo Sales B.V.\" \/>\n<meta property=\"article:modified_time\" content=\"2023-04-06T12:25:29+00:00\" \/>\n<meta name=\"twitter:label1\" content=\"Dur\u00e9e de lecture estim\u00e9e\" \/>\n\t<meta name=\"twitter:data1\" content=\"1 minute\" \/>\n<script type=\"application\/ld+json\" class=\"yoast-schema-graph\">{\"@context\":\"https:\/\/schema.org\",\"@graph\":[{\"@type\":\"WebPage\",\"@id\":\"https:\/\/pavo.eu\/fr\/soutien\/manuel\/\",\"url\":\"https:\/\/pavo.eu\/fr\/soutien\/manuel\/\",\"name\":\"Pavo Sales B.V. manuel\",\"isPartOf\":{\"@id\":\"https:\/\/pavo.eu\/fr\/#website\"},\"datePublished\":\"2014-02-01T13:43:49+00:00\",\"dateModified\":\"2023-04-06T12:25:29+00:00\",\"breadcrumb\":{\"@id\":\"https:\/\/pavo.eu\/fr\/soutien\/manuel\/#breadcrumb\"},\"inLanguage\":\"fr-FR\",\"potentialAction\":[{\"@type\":\"ReadAction\",\"target\":[\"https:\/\/pavo.eu\/fr\/soutien\/manuel\/\"]}]},{\"@type\":\"BreadcrumbList\",\"@id\":\"https:\/\/pavo.eu\/fr\/soutien\/manuel\/#breadcrumb\",\"itemListElement\":[{\"@type\":\"ListItem\",\"position\":1,\"name\":\"soutien\",\"item\":\"https:\/\/pavo.eu\/fr\/soutien\/\"},{\"@type\":\"ListItem\",\"position\":2,\"name\":\"manuel\"}]},{\"@type\":\"WebSite\",\"@id\":\"https:\/\/pavo.eu\/fr\/#website\",\"url\":\"https:\/\/pavo.eu\/fr\/\",\"name\":\"Pavo Sales B.V.\",\"description\":\"company website\",\"publisher\":{\"@id\":\"https:\/\/pavo.eu\/fr\/#organization\"},\"potentialAction\":[{\"@type\":\"SearchAction\",\"target\":{\"@type\":\"EntryPoint\",\"urlTemplate\":\"https:\/\/pavo.eu\/fr\/?s={search_term_string}\"},\"query-input\":\"required name=search_term_string\"}],\"inLanguage\":\"fr-FR\"},{\"@type\":\"Organization\",\"@id\":\"https:\/\/pavo.eu\/fr\/#organization\",\"name\":\"Pavo Sales B.V.\",\"url\":\"https:\/\/pavo.eu\/fr\/\",\"logo\":{\"@type\":\"ImageObject\",\"inLanguage\":\"fr-FR\",\"@id\":\"https:\/\/pavo.eu\/fr\/#\/schema\/logo\/image\/\",\"url\":\"https:\/\/pavo.eu\/fr\/wp-content\/uploads\/2023\/02\/logo-small.png\",\"contentUrl\":\"https:\/\/pavo.eu\/fr\/wp-content\/uploads\/2023\/02\/logo-small.png\",\"width\":177,\"height\":57,\"caption\":\"Pavo Sales B.V.\"},\"image\":{\"@id\":\"https:\/\/pavo.eu\/fr\/#\/schema\/logo\/image\/\"}}]}<\/script>\n<!-- \/ Yoast SEO plugin. -->","yoast_head_json":{"title":"Pavo Sales B.V. manuel","robots":{"index":"index","follow":"follow","max-snippet":"max-snippet:-1","max-image-preview":"max-image-preview:large","max-video-preview":"max-video-preview:-1"},"canonical":"https:\/\/pavo.eu\/fr\/soutien\/manuel\/","og_locale":"fr_FR","og_type":"article","og_title":"Pavo Sales B.V. manuel","og_description":"Nous vous offrons la possibilit\u00e9 de t\u00e9l\u00e9charger le manuel de votre produit Pavo. L&#8217;offre est encore limit\u00e9e, mais sera compl\u00e9t\u00e9e au fil du temps. Nous vous prions de nous excuser pour ce d\u00e9sagr\u00e9ment. comment cela fonctionne-t-il ? En dessous, sous un groupe de produits, vous voyez les manuels. S\u00e9lectionnez ensuite le produit souhait\u00e9. Un pdf ... Lire la suite","og_url":"https:\/\/pavo.eu\/fr\/soutien\/manuel\/","og_site_name":"Pavo Sales B.V.","article_modified_time":"2023-04-06T12:25:29+00:00","twitter_misc":{"Dur\u00e9e de lecture estim\u00e9e":"1 minute"},"schema":{"@context":"https:\/\/schema.org","@graph":[{"@type":"WebPage","@id":"https:\/\/pavo.eu\/fr\/soutien\/manuel\/","url":"https:\/\/pavo.eu\/fr\/soutien\/manuel\/","name":"Pavo Sales B.V. manuel","isPartOf":{"@id":"https:\/\/pavo.eu\/fr\/#website"},"datePublished":"2014-02-01T13:43:49+00:00","dateModified":"2023-04-06T12:25:29+00:00","breadcrumb":{"@id":"https:\/\/pavo.eu\/fr\/soutien\/manuel\/#breadcrumb"},"inLanguage":"fr-FR","potentialAction":[{"@type":"ReadAction","target":["https:\/\/pavo.eu\/fr\/soutien\/manuel\/"]}]},{"@type":"BreadcrumbList","@id":"https:\/\/pavo.eu\/fr\/soutien\/manuel\/#breadcrumb","itemListElement":[{"@type":"ListItem","position":1,"name":"soutien","item":"https:\/\/pavo.eu\/fr\/soutien\/"},{"@type":"ListItem","position":2,"name":"manuel"}]},{"@type":"WebSite","@id":"https:\/\/pavo.eu\/fr\/#website","url":"https:\/\/pavo.eu\/fr\/","name":"Pavo Sales B.V.","description":"company website","publisher":{"@id":"https:\/\/pavo.eu\/fr\/#organization"},"potentialAction":[{"@type":"SearchAction","target":{"@type":"EntryPoint","urlTemplate":"https:\/\/pavo.eu\/fr\/?s={search_term_string}"},"query-input":"required name=search_term_string"}],"inLanguage":"fr-FR"},{"@type":"Organization","@id":"https:\/\/pavo.eu\/fr\/#organization","name":"Pavo Sales B.V.","url":"https:\/\/pavo.eu\/fr\/","logo":{"@type":"ImageObject","inLanguage":"fr-FR","@id":"https:\/\/pavo.eu\/fr\/#\/schema\/logo\/image\/","url":"https:\/\/pavo.eu\/fr\/wp-content\/uploads\/2023\/02\/logo-small.png","contentUrl":"https:\/\/pavo.eu\/fr\/wp-content\/uploads\/2023\/02\/logo-small.png","width":177,"height":57,"caption":"Pavo Sales B.V."},"image":{"@id":"https:\/\/pavo.eu\/fr\/#\/schema\/logo\/image\/"}}]}},"_links":{"self":[{"href":"https:\/\/pavo.eu\/fr\/wp-json\/wp\/v2\/pages\/12","targetHints":{"allow":["GET"]}}],"collection":[{"href":"https:\/\/pavo.eu\/fr\/wp-json\/wp\/v2\/pages"}],"about":[{"href":"https:\/\/pavo.eu\/fr\/wp-json\/wp\/v2\/types\/page"}],"author":[{"embeddable":true,"href":"https:\/\/pavo.eu\/fr\/wp-json\/wp\/v2\/users\/1"}],"replies":[{"embeddable":true,"href":"https:\/\/pavo.eu\/fr\/wp-json\/wp\/v2\/comments?post=12"}],"version-history":[{"count":13,"href":"https:\/\/pavo.eu\/fr\/wp-json\/wp\/v2\/pages\/12\/revisions"}],"predecessor-version":[{"id":1620,"href":"https:\/\/pavo.eu\/fr\/wp-json\/wp\/v2\/pages\/12\/revisions\/1620"}],"up":[{"embeddable":true,"href":"https:\/\/pavo.eu\/fr\/wp-json\/wp\/v2\/pages\/9"}],"wp:attachment":[{"href":"https:\/\/pavo.eu\/fr\/wp-json\/wp\/v2\/media?parent=12"}],"curies":[{"name":"wp","href":"https:\/\/api.w.org\/{rel}","templated":true}]}}