{"id":15,"date":"2014-02-01T13:44:25","date_gmt":"2014-02-01T13:44:25","guid":{"rendered":"https:\/\/pavo.eu\/fr\/?page_id=15"},"modified":"2023-04-05T11:40:57","modified_gmt":"2023-04-05T11:40:57","slug":"lhistoire","status":"publish","type":"page","link":"https:\/\/pavo.eu\/fr\/a-notre-sujet\/lhistoire\/","title":{"rendered":"l\u2019histoire"},"content":{"rendered":"<p>Depuis plus de 15 ans, Pavo est actif dans l&#8217;industrie des produits de bureau. Au cours des premi\u00e8res ann\u00e9es, l&#8217;activit\u00e9 principale s&#8217;est d\u00e9roul\u00e9e en Asie. Des bureaux ont \u00e9t\u00e9 install\u00e9s \u00e0 Hong Kong, d&#8217;o\u00f9 des coentreprises ont \u00e9t\u00e9 cr\u00e9\u00e9es avec des partenaires locaux et de la RPC. Toutes les activit\u00e9s \u00e9taient ax\u00e9es sur la fabrication et l&#8217;exportation d&#8217;articles de bureau. Au cours de ces ann\u00e9es, un savoir-faire important a \u00e9t\u00e9 d\u00e9velopp\u00e9 en mati\u00e8re de fabrication OEM et de contr\u00f4le de la qualit\u00e9.<\/p>\n<p>Pavo a am\u00e9lior\u00e9 le service qu&#8217;elle peut offrir \u00e0 ses clients en investissant dans une logistique europ\u00e9enne en 2002. L&#8217;emplacement du centre logistique a \u00e9t\u00e9 choisi pour \u00eatre proche du port de Rotterdam, qui offre un transport maritime efficace et rapide depuis l&#8217;Asie. De plus, \u00e0 partir de cet endroit, les temps de transit sont courts vers toutes les principales destinations europ\u00e9ennes.<\/p>\n<p>Aujourd&#8217;hui, Pavo est le partenaire de nombreux distributeurs importants du secteur, appr\u00e9ci\u00e9s pour tous les services qu&#8217;ils peuvent offrir : fabrication, approvisionnement, contr\u00f4les de qualit\u00e9, photographie de produits, d\u00e9veloppement et r\u00e9alisation d&#8217;illustrations, financement, entreposage et logistique. Pavo ma\u00eetrise toutes les disciplines n\u00e9cessaires \u00e0 la mise sur le march\u00e9 de produits sous marque de distributeur, ce qui permet \u00e0 ses distributeurs de n&#8217;avoir ni travail ni souci \u00e0 se faire. Les produits que Pavo fabrique et commercialise couvrent une tr\u00e8s large part de tout ce qui est utilis\u00e9 dans les espaces de bureaux, ce qui fait de Pavo un fournisseur unique.<\/p>\n<p>Pavo propose une gamme compl\u00e8te de produits de bureau de marque Pavo qui arrivent sur le march\u00e9 par l&#8217;interm\u00e9diaire de distributeurs de produits de bureau et de d\u00e9taillants alimentaires et non alimentaires.<\/p>\n<p>L&#8217;ingr\u00e9dient principal du succ\u00e8s de Pavo est l&#8217;engagement en faveur de la qualit\u00e9, partag\u00e9 par l&#8217;ensemble du personnel. Nous nous effor\u00e7ons en permanence d&#8217;am\u00e9liorer la qualit\u00e9 de notre travail.<\/p>\n<p>Nous voulons maintenir notre engagement dans un march\u00e9 exigeant en constante \u00e9volution, nous concentrer sur des produits conviviaux, all\u00e9ger la charge de travail des clients et fournir des solutions dans leur environnement de travail.<\/p>\n","protected":false},"excerpt":{"rendered":"<p>Depuis plus de 15 ans, Pavo est actif dans l&#8217;industrie des produits de bureau. Au cours des premi\u00e8res ann\u00e9es, l&#8217;activit\u00e9 principale s&#8217;est d\u00e9roul\u00e9e en Asie. Des bureaux ont \u00e9t\u00e9 install\u00e9s \u00e0 Hong Kong, d&#8217;o\u00f9 des coentreprises ont \u00e9t\u00e9 cr\u00e9\u00e9es avec des partenaires locaux et de la RPC. Toutes les activit\u00e9s \u00e9taient ax\u00e9es sur la fabrication &#8230; <a title=\"l\u2019histoire\" class=\"read-more\" href=\"https:\/\/pavo.eu\/fr\/a-notre-sujet\/lhistoire\/\" aria-label=\"Read more about l\u2019histoire\">Lire la suite<\/a><\/p>\n","protected":false},"author":1,"featured_media":0,"parent":7,"menu_order":10,"comment_status":"closed","ping_status":"closed","template":"","meta":{"footnotes":""},"class_list":["post-15","page","type-page","status-publish"],"yoast_head":"<!-- This site is optimized with the Yoast SEO plugin v22.8 - https:\/\/yoast.com\/wordpress\/plugins\/seo\/ -->\n<title>Pavo Sales B.V. l\u2019histoire<\/title>\n<meta name=\"description\" content=\"For more than 15 years Pavo has been active in the Office Products industry. All activities were focused on manufacturing of and exporting.\" \/>\n<meta name=\"robots\" content=\"index, follow, max-snippet:-1, max-image-preview:large, max-video-preview:-1\" \/>\n<link rel=\"canonical\" href=\"https:\/\/pavo.eu\/fr\/a-notre-sujet\/lhistoire\/\" \/>\n<meta property=\"og:locale\" content=\"fr_FR\" \/>\n<meta property=\"og:type\" content=\"article\" \/>\n<meta property=\"og:title\" content=\"Pavo Sales B.V. l\u2019histoire\" \/>\n<meta property=\"og:description\" content=\"For more than 15 years Pavo has been active in the Office Products industry. All activities were focused on manufacturing of and exporting.\" \/>\n<meta property=\"og:url\" content=\"https:\/\/pavo.eu\/fr\/a-notre-sujet\/lhistoire\/\" \/>\n<meta property=\"og:site_name\" content=\"Pavo Sales B.V.\" \/>\n<meta property=\"article:modified_time\" content=\"2023-04-05T11:40:57+00:00\" \/>\n<meta name=\"twitter:label1\" content=\"Dur\u00e9e de lecture estim\u00e9e\" \/>\n\t<meta name=\"twitter:data1\" content=\"2 minutes\" \/>\n<script type=\"application\/ld+json\" class=\"yoast-schema-graph\">{\"@context\":\"https:\/\/schema.org\",\"@graph\":[{\"@type\":\"WebPage\",\"@id\":\"https:\/\/pavo.eu\/fr\/a-notre-sujet\/lhistoire\/\",\"url\":\"https:\/\/pavo.eu\/fr\/a-notre-sujet\/lhistoire\/\",\"name\":\"Pavo Sales B.V. l\u2019histoire\",\"isPartOf\":{\"@id\":\"https:\/\/pavo.eu\/fr\/#website\"},\"datePublished\":\"2014-02-01T13:44:25+00:00\",\"dateModified\":\"2023-04-05T11:40:57+00:00\",\"description\":\"For more than 15 years Pavo has been active in the Office Products industry. All activities were focused on manufacturing of and exporting.\",\"breadcrumb\":{\"@id\":\"https:\/\/pavo.eu\/fr\/a-notre-sujet\/lhistoire\/#breadcrumb\"},\"inLanguage\":\"fr-FR\",\"potentialAction\":[{\"@type\":\"ReadAction\",\"target\":[\"https:\/\/pavo.eu\/fr\/a-notre-sujet\/lhistoire\/\"]}]},{\"@type\":\"BreadcrumbList\",\"@id\":\"https:\/\/pavo.eu\/fr\/a-notre-sujet\/lhistoire\/#breadcrumb\",\"itemListElement\":[{\"@type\":\"ListItem\",\"position\":1,\"name\":\"a notre sujet\",\"item\":\"https:\/\/pavo.eu\/fr\/a-notre-sujet\/\"},{\"@type\":\"ListItem\",\"position\":2,\"name\":\"l\u2019histoire\"}]},{\"@type\":\"WebSite\",\"@id\":\"https:\/\/pavo.eu\/fr\/#website\",\"url\":\"https:\/\/pavo.eu\/fr\/\",\"name\":\"Pavo Sales B.V.\",\"description\":\"company website\",\"publisher\":{\"@id\":\"https:\/\/pavo.eu\/fr\/#organization\"},\"potentialAction\":[{\"@type\":\"SearchAction\",\"target\":{\"@type\":\"EntryPoint\",\"urlTemplate\":\"https:\/\/pavo.eu\/fr\/?s={search_term_string}\"},\"query-input\":\"required name=search_term_string\"}],\"inLanguage\":\"fr-FR\"},{\"@type\":\"Organization\",\"@id\":\"https:\/\/pavo.eu\/fr\/#organization\",\"name\":\"Pavo Sales B.V.\",\"url\":\"https:\/\/pavo.eu\/fr\/\",\"logo\":{\"@type\":\"ImageObject\",\"inLanguage\":\"fr-FR\",\"@id\":\"https:\/\/pavo.eu\/fr\/#\/schema\/logo\/image\/\",\"url\":\"https:\/\/pavo.eu\/fr\/wp-content\/uploads\/2023\/02\/logo-small.png\",\"contentUrl\":\"https:\/\/pavo.eu\/fr\/wp-content\/uploads\/2023\/02\/logo-small.png\",\"width\":177,\"height\":57,\"caption\":\"Pavo Sales B.V.\"},\"image\":{\"@id\":\"https:\/\/pavo.eu\/fr\/#\/schema\/logo\/image\/\"}}]}<\/script>\n<!-- \/ Yoast SEO plugin. -->","yoast_head_json":{"title":"Pavo Sales B.V. l\u2019histoire","description":"For more than 15 years Pavo has been active in the Office Products industry. All activities were focused on manufacturing of and exporting.","robots":{"index":"index","follow":"follow","max-snippet":"max-snippet:-1","max-image-preview":"max-image-preview:large","max-video-preview":"max-video-preview:-1"},"canonical":"https:\/\/pavo.eu\/fr\/a-notre-sujet\/lhistoire\/","og_locale":"fr_FR","og_type":"article","og_title":"Pavo Sales B.V. l\u2019histoire","og_description":"For more than 15 years Pavo has been active in the Office Products industry. All activities were focused on manufacturing of and exporting.","og_url":"https:\/\/pavo.eu\/fr\/a-notre-sujet\/lhistoire\/","og_site_name":"Pavo Sales B.V.","article_modified_time":"2023-04-05T11:40:57+00:00","twitter_misc":{"Dur\u00e9e de lecture estim\u00e9e":"2 minutes"},"schema":{"@context":"https:\/\/schema.org","@graph":[{"@type":"WebPage","@id":"https:\/\/pavo.eu\/fr\/a-notre-sujet\/lhistoire\/","url":"https:\/\/pavo.eu\/fr\/a-notre-sujet\/lhistoire\/","name":"Pavo Sales B.V. l\u2019histoire","isPartOf":{"@id":"https:\/\/pavo.eu\/fr\/#website"},"datePublished":"2014-02-01T13:44:25+00:00","dateModified":"2023-04-05T11:40:57+00:00","description":"For more than 15 years Pavo has been active in the Office Products industry. All activities were focused on manufacturing of and exporting.","breadcrumb":{"@id":"https:\/\/pavo.eu\/fr\/a-notre-sujet\/lhistoire\/#breadcrumb"},"inLanguage":"fr-FR","potentialAction":[{"@type":"ReadAction","target":["https:\/\/pavo.eu\/fr\/a-notre-sujet\/lhistoire\/"]}]},{"@type":"BreadcrumbList","@id":"https:\/\/pavo.eu\/fr\/a-notre-sujet\/lhistoire\/#breadcrumb","itemListElement":[{"@type":"ListItem","position":1,"name":"a notre sujet","item":"https:\/\/pavo.eu\/fr\/a-notre-sujet\/"},{"@type":"ListItem","position":2,"name":"l\u2019histoire"}]},{"@type":"WebSite","@id":"https:\/\/pavo.eu\/fr\/#website","url":"https:\/\/pavo.eu\/fr\/","name":"Pavo Sales B.V.","description":"company website","publisher":{"@id":"https:\/\/pavo.eu\/fr\/#organization"},"potentialAction":[{"@type":"SearchAction","target":{"@type":"EntryPoint","urlTemplate":"https:\/\/pavo.eu\/fr\/?s={search_term_string}"},"query-input":"required name=search_term_string"}],"inLanguage":"fr-FR"},{"@type":"Organization","@id":"https:\/\/pavo.eu\/fr\/#organization","name":"Pavo Sales B.V.","url":"https:\/\/pavo.eu\/fr\/","logo":{"@type":"ImageObject","inLanguage":"fr-FR","@id":"https:\/\/pavo.eu\/fr\/#\/schema\/logo\/image\/","url":"https:\/\/pavo.eu\/fr\/wp-content\/uploads\/2023\/02\/logo-small.png","contentUrl":"https:\/\/pavo.eu\/fr\/wp-content\/uploads\/2023\/02\/logo-small.png","width":177,"height":57,"caption":"Pavo Sales B.V."},"image":{"@id":"https:\/\/pavo.eu\/fr\/#\/schema\/logo\/image\/"}}]}},"_links":{"self":[{"href":"https:\/\/pavo.eu\/fr\/wp-json\/wp\/v2\/pages\/15","targetHints":{"allow":["GET"]}}],"collection":[{"href":"https:\/\/pavo.eu\/fr\/wp-json\/wp\/v2\/pages"}],"about":[{"href":"https:\/\/pavo.eu\/fr\/wp-json\/wp\/v2\/types\/page"}],"author":[{"embeddable":true,"href":"https:\/\/pavo.eu\/fr\/wp-json\/wp\/v2\/users\/1"}],"replies":[{"embeddable":true,"href":"https:\/\/pavo.eu\/fr\/wp-json\/wp\/v2\/comments?post=15"}],"version-history":[{"count":13,"href":"https:\/\/pavo.eu\/fr\/wp-json\/wp\/v2\/pages\/15\/revisions"}],"predecessor-version":[{"id":1605,"href":"https:\/\/pavo.eu\/fr\/wp-json\/wp\/v2\/pages\/15\/revisions\/1605"}],"up":[{"embeddable":true,"href":"https:\/\/pavo.eu\/fr\/wp-json\/wp\/v2\/pages\/7"}],"wp:attachment":[{"href":"https:\/\/pavo.eu\/fr\/wp-json\/wp\/v2\/media?parent=15"}],"curies":[{"name":"wp","href":"https:\/\/api.w.org\/{rel}","templated":true}]}}