{"id":16,"date":"2014-02-01T13:44:25","date_gmt":"2014-02-01T13:44:25","guid":{"rendered":"https:\/\/pavo.eu\/fr\/?page_id=16"},"modified":"2023-04-05T11:41:45","modified_gmt":"2023-04-05T11:41:45","slug":"fait","status":"publish","type":"page","link":"https:\/\/pavo.eu\/fr\/a-notre-sujet\/fait\/","title":{"rendered":"fait"},"content":{"rendered":"<p>Pavo est un fabricant international de produits de bureau. Pavo a \u00e9t\u00e9 cofond\u00e9 en 1997 par Valentijn Jansen, qui a d\u00e9marr\u00e9 l&#8217;entreprise avec la production et la distribution de peignes de reliure. Aujourd&#8217;hui, notre gamme de produits s&#8217;est \u00e9largie \u00e0 plus de 1500 produits !<\/p>\n<p>Notre assortiment comprend des produits pour les conf\u00e9rences, les pr\u00e9sentations, la s\u00e9curit\u00e9, la papeterie de bureau, les accessoires de bureau, la contrefa\u00e7on, l&#8217;emballage, les fournitures pour les installations, l&#8217;entreposage et les voyages. Nous fabriquons nos produits sous notre propre marque Pavo et sous diverses marques priv\u00e9es.<\/p>\n<p>Notre si\u00e8ge social est bas\u00e9 \u00e0 Oss, aux Pays-Bas. Nous vendons nos produits dans plus de 35 pays \u00e0 diff\u00e9rents types de distributeurs. Notre pr\u00e9sence internationale nous a permis de percevoir les diverses exigences locales et de les traduire en fonctions. Nous voulons que les consommateurs utilisent nos produits, mais aussi qu&#8217;ils prennent plaisir \u00e0 les utiliser. Au cours des derni\u00e8res ann\u00e9es, cela nous a pouss\u00e9s \u00e0 d\u00e9velopper nos produits et nous a permis d&#8217;arriver l\u00e0 o\u00f9 nous sommes aujourd&#8217;hui.<\/p>\n","protected":false},"excerpt":{"rendered":"<p>Pavo est un fabricant international de produits de bureau. Pavo a \u00e9t\u00e9 cofond\u00e9 en 1997 par Valentijn Jansen, qui a d\u00e9marr\u00e9 l&#8217;entreprise avec la production et la distribution de peignes de reliure. Aujourd&#8217;hui, notre gamme de produits s&#8217;est \u00e9largie \u00e0 plus de 1500 produits ! Notre assortiment comprend des produits pour les conf\u00e9rences, les pr\u00e9sentations, &#8230; <a title=\"fait\" class=\"read-more\" href=\"https:\/\/pavo.eu\/fr\/a-notre-sujet\/fait\/\" aria-label=\"Read more about fait\">Lire la suite<\/a><\/p>\n","protected":false},"author":1,"featured_media":0,"parent":7,"menu_order":11,"comment_status":"closed","ping_status":"closed","template":"","meta":{"footnotes":""},"class_list":["post-16","page","type-page","status-publish"],"yoast_head":"<!-- This site is optimized with the Yoast SEO plugin v22.8 - https:\/\/yoast.com\/wordpress\/plugins\/seo\/ -->\n<title>Pavo Sales B.V. fait<\/title>\n<meta name=\"robots\" content=\"index, follow, max-snippet:-1, max-image-preview:large, max-video-preview:-1\" \/>\n<link rel=\"canonical\" href=\"https:\/\/pavo.eu\/fr\/a-notre-sujet\/fait\/\" \/>\n<meta property=\"og:locale\" content=\"fr_FR\" \/>\n<meta property=\"og:type\" content=\"article\" \/>\n<meta property=\"og:title\" content=\"Pavo Sales B.V. fait\" \/>\n<meta property=\"og:description\" content=\"Pavo est un fabricant international de produits de bureau. Pavo a \u00e9t\u00e9 cofond\u00e9 en 1997 par Valentijn Jansen, qui a d\u00e9marr\u00e9 l&#8217;entreprise avec la production et la distribution de peignes de reliure. Aujourd&#8217;hui, notre gamme de produits s&#8217;est \u00e9largie \u00e0 plus de 1500 produits ! Notre assortiment comprend des produits pour les conf\u00e9rences, les pr\u00e9sentations, ... Lire la suite\" \/>\n<meta property=\"og:url\" content=\"https:\/\/pavo.eu\/fr\/a-notre-sujet\/fait\/\" \/>\n<meta property=\"og:site_name\" content=\"Pavo Sales B.V.\" \/>\n<meta property=\"article:modified_time\" content=\"2023-04-05T11:41:45+00:00\" \/>\n<meta name=\"twitter:label1\" content=\"Dur\u00e9e de lecture estim\u00e9e\" \/>\n\t<meta name=\"twitter:data1\" content=\"1 minute\" \/>\n<script type=\"application\/ld+json\" class=\"yoast-schema-graph\">{\"@context\":\"https:\/\/schema.org\",\"@graph\":[{\"@type\":\"WebPage\",\"@id\":\"https:\/\/pavo.eu\/fr\/a-notre-sujet\/fait\/\",\"url\":\"https:\/\/pavo.eu\/fr\/a-notre-sujet\/fait\/\",\"name\":\"Pavo Sales B.V. fait\",\"isPartOf\":{\"@id\":\"https:\/\/pavo.eu\/fr\/#website\"},\"datePublished\":\"2014-02-01T13:44:25+00:00\",\"dateModified\":\"2023-04-05T11:41:45+00:00\",\"breadcrumb\":{\"@id\":\"https:\/\/pavo.eu\/fr\/a-notre-sujet\/fait\/#breadcrumb\"},\"inLanguage\":\"fr-FR\",\"potentialAction\":[{\"@type\":\"ReadAction\",\"target\":[\"https:\/\/pavo.eu\/fr\/a-notre-sujet\/fait\/\"]}]},{\"@type\":\"BreadcrumbList\",\"@id\":\"https:\/\/pavo.eu\/fr\/a-notre-sujet\/fait\/#breadcrumb\",\"itemListElement\":[{\"@type\":\"ListItem\",\"position\":1,\"name\":\"a notre sujet\",\"item\":\"https:\/\/pavo.eu\/fr\/a-notre-sujet\/\"},{\"@type\":\"ListItem\",\"position\":2,\"name\":\"fait\"}]},{\"@type\":\"WebSite\",\"@id\":\"https:\/\/pavo.eu\/fr\/#website\",\"url\":\"https:\/\/pavo.eu\/fr\/\",\"name\":\"Pavo Sales B.V.\",\"description\":\"company website\",\"publisher\":{\"@id\":\"https:\/\/pavo.eu\/fr\/#organization\"},\"potentialAction\":[{\"@type\":\"SearchAction\",\"target\":{\"@type\":\"EntryPoint\",\"urlTemplate\":\"https:\/\/pavo.eu\/fr\/?s={search_term_string}\"},\"query-input\":\"required name=search_term_string\"}],\"inLanguage\":\"fr-FR\"},{\"@type\":\"Organization\",\"@id\":\"https:\/\/pavo.eu\/fr\/#organization\",\"name\":\"Pavo Sales B.V.\",\"url\":\"https:\/\/pavo.eu\/fr\/\",\"logo\":{\"@type\":\"ImageObject\",\"inLanguage\":\"fr-FR\",\"@id\":\"https:\/\/pavo.eu\/fr\/#\/schema\/logo\/image\/\",\"url\":\"https:\/\/pavo.eu\/fr\/wp-content\/uploads\/2023\/02\/logo-small.png\",\"contentUrl\":\"https:\/\/pavo.eu\/fr\/wp-content\/uploads\/2023\/02\/logo-small.png\",\"width\":177,\"height\":57,\"caption\":\"Pavo Sales B.V.\"},\"image\":{\"@id\":\"https:\/\/pavo.eu\/fr\/#\/schema\/logo\/image\/\"}}]}<\/script>\n<!-- \/ Yoast SEO plugin. -->","yoast_head_json":{"title":"Pavo Sales B.V. fait","robots":{"index":"index","follow":"follow","max-snippet":"max-snippet:-1","max-image-preview":"max-image-preview:large","max-video-preview":"max-video-preview:-1"},"canonical":"https:\/\/pavo.eu\/fr\/a-notre-sujet\/fait\/","og_locale":"fr_FR","og_type":"article","og_title":"Pavo Sales B.V. fait","og_description":"Pavo est un fabricant international de produits de bureau. Pavo a \u00e9t\u00e9 cofond\u00e9 en 1997 par Valentijn Jansen, qui a d\u00e9marr\u00e9 l&#8217;entreprise avec la production et la distribution de peignes de reliure. Aujourd&#8217;hui, notre gamme de produits s&#8217;est \u00e9largie \u00e0 plus de 1500 produits ! Notre assortiment comprend des produits pour les conf\u00e9rences, les pr\u00e9sentations, ... Lire la suite","og_url":"https:\/\/pavo.eu\/fr\/a-notre-sujet\/fait\/","og_site_name":"Pavo Sales B.V.","article_modified_time":"2023-04-05T11:41:45+00:00","twitter_misc":{"Dur\u00e9e de lecture estim\u00e9e":"1 minute"},"schema":{"@context":"https:\/\/schema.org","@graph":[{"@type":"WebPage","@id":"https:\/\/pavo.eu\/fr\/a-notre-sujet\/fait\/","url":"https:\/\/pavo.eu\/fr\/a-notre-sujet\/fait\/","name":"Pavo Sales B.V. fait","isPartOf":{"@id":"https:\/\/pavo.eu\/fr\/#website"},"datePublished":"2014-02-01T13:44:25+00:00","dateModified":"2023-04-05T11:41:45+00:00","breadcrumb":{"@id":"https:\/\/pavo.eu\/fr\/a-notre-sujet\/fait\/#breadcrumb"},"inLanguage":"fr-FR","potentialAction":[{"@type":"ReadAction","target":["https:\/\/pavo.eu\/fr\/a-notre-sujet\/fait\/"]}]},{"@type":"BreadcrumbList","@id":"https:\/\/pavo.eu\/fr\/a-notre-sujet\/fait\/#breadcrumb","itemListElement":[{"@type":"ListItem","position":1,"name":"a notre sujet","item":"https:\/\/pavo.eu\/fr\/a-notre-sujet\/"},{"@type":"ListItem","position":2,"name":"fait"}]},{"@type":"WebSite","@id":"https:\/\/pavo.eu\/fr\/#website","url":"https:\/\/pavo.eu\/fr\/","name":"Pavo Sales B.V.","description":"company website","publisher":{"@id":"https:\/\/pavo.eu\/fr\/#organization"},"potentialAction":[{"@type":"SearchAction","target":{"@type":"EntryPoint","urlTemplate":"https:\/\/pavo.eu\/fr\/?s={search_term_string}"},"query-input":"required name=search_term_string"}],"inLanguage":"fr-FR"},{"@type":"Organization","@id":"https:\/\/pavo.eu\/fr\/#organization","name":"Pavo Sales B.V.","url":"https:\/\/pavo.eu\/fr\/","logo":{"@type":"ImageObject","inLanguage":"fr-FR","@id":"https:\/\/pavo.eu\/fr\/#\/schema\/logo\/image\/","url":"https:\/\/pavo.eu\/fr\/wp-content\/uploads\/2023\/02\/logo-small.png","contentUrl":"https:\/\/pavo.eu\/fr\/wp-content\/uploads\/2023\/02\/logo-small.png","width":177,"height":57,"caption":"Pavo Sales B.V."},"image":{"@id":"https:\/\/pavo.eu\/fr\/#\/schema\/logo\/image\/"}}]}},"_links":{"self":[{"href":"https:\/\/pavo.eu\/fr\/wp-json\/wp\/v2\/pages\/16","targetHints":{"allow":["GET"]}}],"collection":[{"href":"https:\/\/pavo.eu\/fr\/wp-json\/wp\/v2\/pages"}],"about":[{"href":"https:\/\/pavo.eu\/fr\/wp-json\/wp\/v2\/types\/page"}],"author":[{"embeddable":true,"href":"https:\/\/pavo.eu\/fr\/wp-json\/wp\/v2\/users\/1"}],"replies":[{"embeddable":true,"href":"https:\/\/pavo.eu\/fr\/wp-json\/wp\/v2\/comments?post=16"}],"version-history":[{"count":13,"href":"https:\/\/pavo.eu\/fr\/wp-json\/wp\/v2\/pages\/16\/revisions"}],"predecessor-version":[{"id":1607,"href":"https:\/\/pavo.eu\/fr\/wp-json\/wp\/v2\/pages\/16\/revisions\/1607"}],"up":[{"embeddable":true,"href":"https:\/\/pavo.eu\/fr\/wp-json\/wp\/v2\/pages\/7"}],"wp:attachment":[{"href":"https:\/\/pavo.eu\/fr\/wp-json\/wp\/v2\/media?parent=16"}],"curies":[{"name":"wp","href":"https:\/\/api.w.org\/{rel}","templated":true}]}}