{"id":17,"date":"2014-02-01T13:44:25","date_gmt":"2014-02-01T13:44:25","guid":{"rendered":"https:\/\/pavo.eu\/fr\/?page_id=17"},"modified":"2023-04-05T11:42:11","modified_gmt":"2023-04-05T11:42:11","slug":"csr","status":"publish","type":"page","link":"https:\/\/pavo.eu\/fr\/a-notre-sujet\/csr\/","title":{"rendered":"csr"},"content":{"rendered":"<p class=\"sameline\">Cette page est actuellement en construction. Nous sommes d\u00e9sol\u00e9s pour la g\u00eane occasionn\u00e9e.<\/p>\n","protected":false},"excerpt":{"rendered":"<p>Cette page est actuellement en construction. Nous sommes d\u00e9sol\u00e9s pour la g\u00eane occasionn\u00e9e.<\/p>\n","protected":false},"author":1,"featured_media":0,"parent":7,"menu_order":12,"comment_status":"closed","ping_status":"open","template":"","meta":{"footnotes":""},"class_list":["post-17","page","type-page","status-publish"],"yoast_head":"<!-- This site is optimized with the Yoast SEO plugin v22.8 - https:\/\/yoast.com\/wordpress\/plugins\/seo\/ -->\n<title>Pavo Sales B.V. csr<\/title>\n<meta name=\"robots\" content=\"index, follow, max-snippet:-1, max-image-preview:large, max-video-preview:-1\" \/>\n<link rel=\"canonical\" href=\"https:\/\/pavo.eu\/fr\/a-notre-sujet\/csr\/\" \/>\n<meta property=\"og:locale\" content=\"fr_FR\" \/>\n<meta property=\"og:type\" content=\"article\" \/>\n<meta property=\"og:title\" content=\"Pavo Sales B.V. csr\" \/>\n<meta property=\"og:description\" content=\"Cette page est actuellement en construction. Nous sommes d\u00e9sol\u00e9s pour la g\u00eane occasionn\u00e9e.\" \/>\n<meta property=\"og:url\" content=\"https:\/\/pavo.eu\/fr\/a-notre-sujet\/csr\/\" \/>\n<meta property=\"og:site_name\" content=\"Pavo Sales B.V.\" \/>\n<meta property=\"article:modified_time\" content=\"2023-04-05T11:42:11+00:00\" \/>\n<meta name=\"twitter:label1\" content=\"Dur\u00e9e de lecture estim\u00e9e\" \/>\n\t<meta name=\"twitter:data1\" content=\"1 minute\" \/>\n<script type=\"application\/ld+json\" class=\"yoast-schema-graph\">{\"@context\":\"https:\/\/schema.org\",\"@graph\":[{\"@type\":\"WebPage\",\"@id\":\"https:\/\/pavo.eu\/fr\/a-notre-sujet\/csr\/\",\"url\":\"https:\/\/pavo.eu\/fr\/a-notre-sujet\/csr\/\",\"name\":\"Pavo Sales B.V. csr\",\"isPartOf\":{\"@id\":\"https:\/\/pavo.eu\/fr\/#website\"},\"datePublished\":\"2014-02-01T13:44:25+00:00\",\"dateModified\":\"2023-04-05T11:42:11+00:00\",\"breadcrumb\":{\"@id\":\"https:\/\/pavo.eu\/fr\/a-notre-sujet\/csr\/#breadcrumb\"},\"inLanguage\":\"fr-FR\",\"potentialAction\":[{\"@type\":\"ReadAction\",\"target\":[\"https:\/\/pavo.eu\/fr\/a-notre-sujet\/csr\/\"]}]},{\"@type\":\"BreadcrumbList\",\"@id\":\"https:\/\/pavo.eu\/fr\/a-notre-sujet\/csr\/#breadcrumb\",\"itemListElement\":[{\"@type\":\"ListItem\",\"position\":1,\"name\":\"a notre sujet\",\"item\":\"https:\/\/pavo.eu\/fr\/a-notre-sujet\/\"},{\"@type\":\"ListItem\",\"position\":2,\"name\":\"csr\"}]},{\"@type\":\"WebSite\",\"@id\":\"https:\/\/pavo.eu\/fr\/#website\",\"url\":\"https:\/\/pavo.eu\/fr\/\",\"name\":\"Pavo Sales B.V.\",\"description\":\"company website\",\"publisher\":{\"@id\":\"https:\/\/pavo.eu\/fr\/#organization\"},\"potentialAction\":[{\"@type\":\"SearchAction\",\"target\":{\"@type\":\"EntryPoint\",\"urlTemplate\":\"https:\/\/pavo.eu\/fr\/?s={search_term_string}\"},\"query-input\":\"required name=search_term_string\"}],\"inLanguage\":\"fr-FR\"},{\"@type\":\"Organization\",\"@id\":\"https:\/\/pavo.eu\/fr\/#organization\",\"name\":\"Pavo Sales B.V.\",\"url\":\"https:\/\/pavo.eu\/fr\/\",\"logo\":{\"@type\":\"ImageObject\",\"inLanguage\":\"fr-FR\",\"@id\":\"https:\/\/pavo.eu\/fr\/#\/schema\/logo\/image\/\",\"url\":\"https:\/\/pavo.eu\/fr\/wp-content\/uploads\/2023\/02\/logo-small.png\",\"contentUrl\":\"https:\/\/pavo.eu\/fr\/wp-content\/uploads\/2023\/02\/logo-small.png\",\"width\":177,\"height\":57,\"caption\":\"Pavo Sales B.V.\"},\"image\":{\"@id\":\"https:\/\/pavo.eu\/fr\/#\/schema\/logo\/image\/\"}}]}<\/script>\n<!-- \/ Yoast SEO plugin. -->","yoast_head_json":{"title":"Pavo Sales B.V. csr","robots":{"index":"index","follow":"follow","max-snippet":"max-snippet:-1","max-image-preview":"max-image-preview:large","max-video-preview":"max-video-preview:-1"},"canonical":"https:\/\/pavo.eu\/fr\/a-notre-sujet\/csr\/","og_locale":"fr_FR","og_type":"article","og_title":"Pavo Sales B.V. csr","og_description":"Cette page est actuellement en construction. Nous sommes d\u00e9sol\u00e9s pour la g\u00eane occasionn\u00e9e.","og_url":"https:\/\/pavo.eu\/fr\/a-notre-sujet\/csr\/","og_site_name":"Pavo Sales B.V.","article_modified_time":"2023-04-05T11:42:11+00:00","twitter_misc":{"Dur\u00e9e de lecture estim\u00e9e":"1 minute"},"schema":{"@context":"https:\/\/schema.org","@graph":[{"@type":"WebPage","@id":"https:\/\/pavo.eu\/fr\/a-notre-sujet\/csr\/","url":"https:\/\/pavo.eu\/fr\/a-notre-sujet\/csr\/","name":"Pavo Sales B.V. csr","isPartOf":{"@id":"https:\/\/pavo.eu\/fr\/#website"},"datePublished":"2014-02-01T13:44:25+00:00","dateModified":"2023-04-05T11:42:11+00:00","breadcrumb":{"@id":"https:\/\/pavo.eu\/fr\/a-notre-sujet\/csr\/#breadcrumb"},"inLanguage":"fr-FR","potentialAction":[{"@type":"ReadAction","target":["https:\/\/pavo.eu\/fr\/a-notre-sujet\/csr\/"]}]},{"@type":"BreadcrumbList","@id":"https:\/\/pavo.eu\/fr\/a-notre-sujet\/csr\/#breadcrumb","itemListElement":[{"@type":"ListItem","position":1,"name":"a notre sujet","item":"https:\/\/pavo.eu\/fr\/a-notre-sujet\/"},{"@type":"ListItem","position":2,"name":"csr"}]},{"@type":"WebSite","@id":"https:\/\/pavo.eu\/fr\/#website","url":"https:\/\/pavo.eu\/fr\/","name":"Pavo Sales B.V.","description":"company website","publisher":{"@id":"https:\/\/pavo.eu\/fr\/#organization"},"potentialAction":[{"@type":"SearchAction","target":{"@type":"EntryPoint","urlTemplate":"https:\/\/pavo.eu\/fr\/?s={search_term_string}"},"query-input":"required name=search_term_string"}],"inLanguage":"fr-FR"},{"@type":"Organization","@id":"https:\/\/pavo.eu\/fr\/#organization","name":"Pavo Sales B.V.","url":"https:\/\/pavo.eu\/fr\/","logo":{"@type":"ImageObject","inLanguage":"fr-FR","@id":"https:\/\/pavo.eu\/fr\/#\/schema\/logo\/image\/","url":"https:\/\/pavo.eu\/fr\/wp-content\/uploads\/2023\/02\/logo-small.png","contentUrl":"https:\/\/pavo.eu\/fr\/wp-content\/uploads\/2023\/02\/logo-small.png","width":177,"height":57,"caption":"Pavo Sales B.V."},"image":{"@id":"https:\/\/pavo.eu\/fr\/#\/schema\/logo\/image\/"}}]}},"_links":{"self":[{"href":"https:\/\/pavo.eu\/fr\/wp-json\/wp\/v2\/pages\/17","targetHints":{"allow":["GET"]}}],"collection":[{"href":"https:\/\/pavo.eu\/fr\/wp-json\/wp\/v2\/pages"}],"about":[{"href":"https:\/\/pavo.eu\/fr\/wp-json\/wp\/v2\/types\/page"}],"author":[{"embeddable":true,"href":"https:\/\/pavo.eu\/fr\/wp-json\/wp\/v2\/users\/1"}],"replies":[{"embeddable":true,"href":"https:\/\/pavo.eu\/fr\/wp-json\/wp\/v2\/comments?post=17"}],"version-history":[{"count":7,"href":"https:\/\/pavo.eu\/fr\/wp-json\/wp\/v2\/pages\/17\/revisions"}],"predecessor-version":[{"id":1608,"href":"https:\/\/pavo.eu\/fr\/wp-json\/wp\/v2\/pages\/17\/revisions\/1608"}],"up":[{"embeddable":true,"href":"https:\/\/pavo.eu\/fr\/wp-json\/wp\/v2\/pages\/7"}],"wp:attachment":[{"href":"https:\/\/pavo.eu\/fr\/wp-json\/wp\/v2\/media?parent=17"}],"curies":[{"name":"wp","href":"https:\/\/api.w.org\/{rel}","templated":true}]}}