{"id":18,"date":"2014-02-01T13:44:25","date_gmt":"2014-02-01T13:44:25","guid":{"rendered":"https:\/\/pavo.eu\/fr\/?page_id=18"},"modified":"2023-04-05T11:42:44","modified_gmt":"2023-04-05T11:42:44","slug":"savez-vous","status":"publish","type":"page","link":"https:\/\/pavo.eu\/fr\/a-notre-sujet\/savez-vous\/","title":{"rendered":"savez vous"},"content":{"rendered":"<p>&#8230;pavo signifie paon en latin.<\/p>\n<p>&#8230;le paon est probablement le plus ancien oiseau d&#8217;ornement connu.<\/p>\n<p>&#8230;le chiffre 6 dans une agrafe 24\/6 repr\u00e9sente la hauteur de l&#8217;agrafe, dans ce cas 6 mm.<\/p>\n<p>&#8230;dans l&#8217;UE, l&#8217;\u00e9paisseur d&#8217;une poche est indiqu\u00e9e par une combinaison de chiffres, par exemple 2\u00d775 microns.<br \/>\n&#8230;au Royaume-Uni, les microns correspondent \u00e0 la somme de l&#8217;\u00e9paisseur totale (dans cet exemple, 2 x 75 = 150 microns).<\/p>\n<p>&#8230;une plastifieuse est \u00e9galement connue sous le nom de machine \u00e0 plastifier et un classeur \u00e0 peigne sous le nom de machine \u00e0 relier.<\/p>\n<p>&#8230;le terme &#8220;petit bureau&#8221; est \u00e9galement connu sous le nom de &#8220;soho&#8221; ? Oui, comme le quartier de New York \u00e0 Manhattan.<\/p>\n<p>&#8230;un trombone est souvent utilis\u00e9 \u00e0 des fins pour lesquelles il n&#8217;a jamais \u00e9t\u00e9 con\u00e7u : appuyer sur le petit bouton de r\u00e9initialisation, cure-dents, nettoyer les ongles ou \u00eatre victime de frustration.<\/p>\n<p>&#8230;Bert de la rue S\u00e9same collectionne les trombones, il en a m\u00eame un en or.<\/p>\n<p>&#8230;Rotterdam (NL) poss\u00e8de un b\u00e2timent en forme de trombone.<\/p>\n","protected":false},"excerpt":{"rendered":"<p>&#8230;pavo signifie paon en latin. &#8230;le paon est probablement le plus ancien oiseau d&#8217;ornement connu. &#8230;le chiffre 6 dans une agrafe 24\/6 repr\u00e9sente la hauteur de l&#8217;agrafe, dans ce cas 6 mm. &#8230;dans l&#8217;UE, l&#8217;\u00e9paisseur d&#8217;une poche est indiqu\u00e9e par une combinaison de chiffres, par exemple 2\u00d775 microns. &#8230;au Royaume-Uni, les microns correspondent \u00e0 la &#8230; <a title=\"savez vous\" class=\"read-more\" href=\"https:\/\/pavo.eu\/fr\/a-notre-sujet\/savez-vous\/\" aria-label=\"Read more about savez vous\">Lire la suite<\/a><\/p>\n","protected":false},"author":1,"featured_media":0,"parent":7,"menu_order":13,"comment_status":"closed","ping_status":"closed","template":"","meta":{"footnotes":""},"class_list":["post-18","page","type-page","status-publish"],"yoast_head":"<!-- This site is optimized with the Yoast SEO plugin v22.8 - https:\/\/yoast.com\/wordpress\/plugins\/seo\/ -->\n<title>Pavo Sales B.V. savez vous<\/title>\n<meta name=\"robots\" content=\"index, follow, max-snippet:-1, max-image-preview:large, max-video-preview:-1\" \/>\n<link rel=\"canonical\" href=\"https:\/\/pavo.eu\/fr\/a-notre-sujet\/savez-vous\/\" \/>\n<meta property=\"og:locale\" content=\"fr_FR\" \/>\n<meta property=\"og:type\" content=\"article\" \/>\n<meta property=\"og:title\" content=\"Pavo Sales B.V. savez vous\" \/>\n<meta property=\"og:description\" content=\"&#8230;pavo signifie paon en latin. &#8230;le paon est probablement le plus ancien oiseau d&#8217;ornement connu. &#8230;le chiffre 6 dans une agrafe 24\/6 repr\u00e9sente la hauteur de l&#8217;agrafe, dans ce cas 6 mm. &#8230;dans l&#8217;UE, l&#8217;\u00e9paisseur d&#8217;une poche est indiqu\u00e9e par une combinaison de chiffres, par exemple 2\u00d775 microns. &#8230;au Royaume-Uni, les microns correspondent \u00e0 la ... Lire la suite\" \/>\n<meta property=\"og:url\" content=\"https:\/\/pavo.eu\/fr\/a-notre-sujet\/savez-vous\/\" \/>\n<meta property=\"og:site_name\" content=\"Pavo Sales B.V.\" \/>\n<meta property=\"article:modified_time\" content=\"2023-04-05T11:42:44+00:00\" \/>\n<meta name=\"twitter:label1\" content=\"Dur\u00e9e de lecture estim\u00e9e\" \/>\n\t<meta name=\"twitter:data1\" content=\"1 minute\" \/>\n<script type=\"application\/ld+json\" class=\"yoast-schema-graph\">{\"@context\":\"https:\/\/schema.org\",\"@graph\":[{\"@type\":\"WebPage\",\"@id\":\"https:\/\/pavo.eu\/fr\/a-notre-sujet\/savez-vous\/\",\"url\":\"https:\/\/pavo.eu\/fr\/a-notre-sujet\/savez-vous\/\",\"name\":\"Pavo Sales B.V. savez vous\",\"isPartOf\":{\"@id\":\"https:\/\/pavo.eu\/fr\/#website\"},\"datePublished\":\"2014-02-01T13:44:25+00:00\",\"dateModified\":\"2023-04-05T11:42:44+00:00\",\"breadcrumb\":{\"@id\":\"https:\/\/pavo.eu\/fr\/a-notre-sujet\/savez-vous\/#breadcrumb\"},\"inLanguage\":\"fr-FR\",\"potentialAction\":[{\"@type\":\"ReadAction\",\"target\":[\"https:\/\/pavo.eu\/fr\/a-notre-sujet\/savez-vous\/\"]}]},{\"@type\":\"BreadcrumbList\",\"@id\":\"https:\/\/pavo.eu\/fr\/a-notre-sujet\/savez-vous\/#breadcrumb\",\"itemListElement\":[{\"@type\":\"ListItem\",\"position\":1,\"name\":\"a notre sujet\",\"item\":\"https:\/\/pavo.eu\/fr\/a-notre-sujet\/\"},{\"@type\":\"ListItem\",\"position\":2,\"name\":\"savez vous\"}]},{\"@type\":\"WebSite\",\"@id\":\"https:\/\/pavo.eu\/fr\/#website\",\"url\":\"https:\/\/pavo.eu\/fr\/\",\"name\":\"Pavo Sales B.V.\",\"description\":\"company website\",\"publisher\":{\"@id\":\"https:\/\/pavo.eu\/fr\/#organization\"},\"potentialAction\":[{\"@type\":\"SearchAction\",\"target\":{\"@type\":\"EntryPoint\",\"urlTemplate\":\"https:\/\/pavo.eu\/fr\/?s={search_term_string}\"},\"query-input\":\"required name=search_term_string\"}],\"inLanguage\":\"fr-FR\"},{\"@type\":\"Organization\",\"@id\":\"https:\/\/pavo.eu\/fr\/#organization\",\"name\":\"Pavo Sales B.V.\",\"url\":\"https:\/\/pavo.eu\/fr\/\",\"logo\":{\"@type\":\"ImageObject\",\"inLanguage\":\"fr-FR\",\"@id\":\"https:\/\/pavo.eu\/fr\/#\/schema\/logo\/image\/\",\"url\":\"https:\/\/pavo.eu\/fr\/wp-content\/uploads\/2023\/02\/logo-small.png\",\"contentUrl\":\"https:\/\/pavo.eu\/fr\/wp-content\/uploads\/2023\/02\/logo-small.png\",\"width\":177,\"height\":57,\"caption\":\"Pavo Sales B.V.\"},\"image\":{\"@id\":\"https:\/\/pavo.eu\/fr\/#\/schema\/logo\/image\/\"}}]}<\/script>\n<!-- \/ Yoast SEO plugin. -->","yoast_head_json":{"title":"Pavo Sales B.V. savez vous","robots":{"index":"index","follow":"follow","max-snippet":"max-snippet:-1","max-image-preview":"max-image-preview:large","max-video-preview":"max-video-preview:-1"},"canonical":"https:\/\/pavo.eu\/fr\/a-notre-sujet\/savez-vous\/","og_locale":"fr_FR","og_type":"article","og_title":"Pavo Sales B.V. savez vous","og_description":"&#8230;pavo signifie paon en latin. &#8230;le paon est probablement le plus ancien oiseau d&#8217;ornement connu. &#8230;le chiffre 6 dans une agrafe 24\/6 repr\u00e9sente la hauteur de l&#8217;agrafe, dans ce cas 6 mm. &#8230;dans l&#8217;UE, l&#8217;\u00e9paisseur d&#8217;une poche est indiqu\u00e9e par une combinaison de chiffres, par exemple 2\u00d775 microns. &#8230;au Royaume-Uni, les microns correspondent \u00e0 la ... Lire la suite","og_url":"https:\/\/pavo.eu\/fr\/a-notre-sujet\/savez-vous\/","og_site_name":"Pavo Sales B.V.","article_modified_time":"2023-04-05T11:42:44+00:00","twitter_misc":{"Dur\u00e9e de lecture estim\u00e9e":"1 minute"},"schema":{"@context":"https:\/\/schema.org","@graph":[{"@type":"WebPage","@id":"https:\/\/pavo.eu\/fr\/a-notre-sujet\/savez-vous\/","url":"https:\/\/pavo.eu\/fr\/a-notre-sujet\/savez-vous\/","name":"Pavo Sales B.V. savez vous","isPartOf":{"@id":"https:\/\/pavo.eu\/fr\/#website"},"datePublished":"2014-02-01T13:44:25+00:00","dateModified":"2023-04-05T11:42:44+00:00","breadcrumb":{"@id":"https:\/\/pavo.eu\/fr\/a-notre-sujet\/savez-vous\/#breadcrumb"},"inLanguage":"fr-FR","potentialAction":[{"@type":"ReadAction","target":["https:\/\/pavo.eu\/fr\/a-notre-sujet\/savez-vous\/"]}]},{"@type":"BreadcrumbList","@id":"https:\/\/pavo.eu\/fr\/a-notre-sujet\/savez-vous\/#breadcrumb","itemListElement":[{"@type":"ListItem","position":1,"name":"a notre sujet","item":"https:\/\/pavo.eu\/fr\/a-notre-sujet\/"},{"@type":"ListItem","position":2,"name":"savez vous"}]},{"@type":"WebSite","@id":"https:\/\/pavo.eu\/fr\/#website","url":"https:\/\/pavo.eu\/fr\/","name":"Pavo Sales B.V.","description":"company website","publisher":{"@id":"https:\/\/pavo.eu\/fr\/#organization"},"potentialAction":[{"@type":"SearchAction","target":{"@type":"EntryPoint","urlTemplate":"https:\/\/pavo.eu\/fr\/?s={search_term_string}"},"query-input":"required name=search_term_string"}],"inLanguage":"fr-FR"},{"@type":"Organization","@id":"https:\/\/pavo.eu\/fr\/#organization","name":"Pavo Sales B.V.","url":"https:\/\/pavo.eu\/fr\/","logo":{"@type":"ImageObject","inLanguage":"fr-FR","@id":"https:\/\/pavo.eu\/fr\/#\/schema\/logo\/image\/","url":"https:\/\/pavo.eu\/fr\/wp-content\/uploads\/2023\/02\/logo-small.png","contentUrl":"https:\/\/pavo.eu\/fr\/wp-content\/uploads\/2023\/02\/logo-small.png","width":177,"height":57,"caption":"Pavo Sales B.V."},"image":{"@id":"https:\/\/pavo.eu\/fr\/#\/schema\/logo\/image\/"}}]}},"_links":{"self":[{"href":"https:\/\/pavo.eu\/fr\/wp-json\/wp\/v2\/pages\/18","targetHints":{"allow":["GET"]}}],"collection":[{"href":"https:\/\/pavo.eu\/fr\/wp-json\/wp\/v2\/pages"}],"about":[{"href":"https:\/\/pavo.eu\/fr\/wp-json\/wp\/v2\/types\/page"}],"author":[{"embeddable":true,"href":"https:\/\/pavo.eu\/fr\/wp-json\/wp\/v2\/users\/1"}],"replies":[{"embeddable":true,"href":"https:\/\/pavo.eu\/fr\/wp-json\/wp\/v2\/comments?post=18"}],"version-history":[{"count":13,"href":"https:\/\/pavo.eu\/fr\/wp-json\/wp\/v2\/pages\/18\/revisions"}],"predecessor-version":[{"id":464,"href":"https:\/\/pavo.eu\/fr\/wp-json\/wp\/v2\/pages\/18\/revisions\/464"}],"up":[{"embeddable":true,"href":"https:\/\/pavo.eu\/fr\/wp-json\/wp\/v2\/pages\/7"}],"wp:attachment":[{"href":"https:\/\/pavo.eu\/fr\/wp-json\/wp\/v2\/media?parent=18"}],"curies":[{"name":"wp","href":"https:\/\/api.w.org\/{rel}","templated":true}]}}