{"id":298,"date":"2014-03-18T10:50:38","date_gmt":"2014-03-18T10:50:38","guid":{"rendered":"https:\/\/pavo.eu\/fr\/?page_id=298"},"modified":"2023-04-05T11:59:59","modified_gmt":"2023-04-05T11:59:59","slug":"legislation","status":"publish","type":"page","link":"https:\/\/pavo.eu\/fr\/soutien\/legislation\/","title":{"rendered":"legislation"},"content":{"rendered":"<div class=\"gdc_row\"><div class=\"gdc_column gdc_chalf\"><div class=\"gdc_inner\">\n<p>Merci de votre int\u00e9r\u00eat pour Pavo, vous pouvez ouvrir notre dernier catalogue (2019-2020) en cliquant sur le bouton.<\/p>\n<h2>pourquoi enregistrer votre produit?<\/h2>\n<p>Les machines Pavo b\u00e9n\u00e9ficient d&#8217;une garantie standard, telle que d\u00e9crite dans nos conditions de garantie. Pour certains articles, vous pouvez prolonger votre garantie gratuitement. Par exemple, une garantie de 2 ans sera prolong\u00e9e \u00e0 3 ans apr\u00e8s l&#8217;enregistrement. Une bonne raison d&#8217;enregistrer vos produits. Pour plus de d\u00e9tails sur la garantie, veuillez consulter nos conditions g\u00e9n\u00e9rales. En suivant facilement les \u00e9tapes de l&#8217;enregistrement de nos produits, l&#8217;enregistrement sera effectu\u00e9 avec succ\u00e8s.<\/p>\n<h2>s&#8217;inscrire \u00e0 temps<\/h2>\n<p>Pour b\u00e9n\u00e9ficier de l&#8217;extension de garantie, n&#8217;oubliez pas que vous devez enregistrer votre produit dans les trois mois suivant son achat. Vous ne pouvez vous enregistrer qu&#8217;en ligne, les enregistrements par courrier postal ne sont pas trait\u00e9s.<\/p>\n<p>Apr\u00e8s l&#8217;enregistrement, vous recevrez un courriel de confirmation. Veuillez conserver cette confirmation ainsi que votre facture d&#8217;achat au cas o\u00f9 vous auriez besoin de faire valoir votre garantie.<\/p>\n<\/div><\/div><div class=\"gdc_column gdc_chalf\"><div class=\"gdc_inner\">\n\n<div class=\"wpcf7 no-js\" id=\"wpcf7-f1617-o1\" lang=\"en-US\" dir=\"ltr\">\n<div class=\"screen-reader-response\"><p role=\"status\" aria-live=\"polite\" aria-atomic=\"true\"><\/p> <ul><\/ul><\/div>\n<form action=\"\/fr\/wp-json\/wp\/v2\/pages\/298#wpcf7-f1617-o1\" method=\"post\" class=\"wpcf7-form init\" aria-label=\"Contact form\" novalidate=\"novalidate\" data-status=\"init\">\n<div style=\"display: none;\">\n<input type=\"hidden\" name=\"_wpcf7\" value=\"1617\" \/>\n<input type=\"hidden\" name=\"_wpcf7_version\" value=\"5.9.5\" \/>\n<input type=\"hidden\" name=\"_wpcf7_locale\" value=\"en_US\" \/>\n<input type=\"hidden\" name=\"_wpcf7_unit_tag\" value=\"wpcf7-f1617-o1\" \/>\n<input type=\"hidden\" name=\"_wpcf7_container_post\" value=\"0\" \/>\n<input type=\"hidden\" name=\"_wpcf7_posted_data_hash\" value=\"\" \/>\n<input type=\"hidden\" name=\"_wpcf7_recaptcha_response\" value=\"\" \/>\n<\/div>\n<p><span class=\"wpcf7-form-control-wrap\" data-name=\"your-name\"><input size=\"40\" class=\"wpcf7-form-control wpcf7-text wpcf7-validates-as-required\" aria-required=\"true\" aria-invalid=\"false\" placeholder=\"nom (obligatoire)\" value=\"\" type=\"text\" name=\"your-name\" \/><\/span><br \/>\n<span class=\"wpcf7-form-control-wrap\" data-name=\"your-email\"><input size=\"40\" class=\"wpcf7-form-control wpcf7-email wpcf7-validates-as-required wpcf7-text wpcf7-validates-as-email\" aria-required=\"true\" aria-invalid=\"false\" placeholder=\"email (obligatoire)\" value=\"\" type=\"email\" name=\"your-email\" \/><\/span>\n<\/p>\n<p class=\"choice\">choisir produit:<span class=\"wpcf7-form-control-wrap\" data-name=\"your-product\"><select class=\"wpcf7-form-control wpcf7-select\" aria-invalid=\"false\" name=\"your-product\"><option value=\"8053384 - destructeur 12 coupe crois\u00e9e\">8053384 - destructeur 12 coupe crois\u00e9e<\/option><option value=\"8045433 - destructeur 5 coupe crois\u00e9e\">8045433 - destructeur 5 coupe crois\u00e9e<\/option><option value=\"8047086 - destructeur 5 coupe crois\u00e9e\">8047086 - destructeur 5 coupe crois\u00e9e<\/option><option value=\"8003501 - destructeur 6 coupe crois\u00e9e\">8003501 - destructeur 6 coupe crois\u00e9e<\/option><option value=\"8018420 - destructeur 6 coupe crois\u00e9e\">8018420 - destructeur 6 coupe crois\u00e9e<\/option><option value=\"8057856 - destructeur 6 coupe crois\u00e9e\">8057856 - destructeur 6 coupe crois\u00e9e<\/option><option value=\"807790 - destructeur 7 coupe crois\u00e9e\">807790 - destructeur 7 coupe crois\u00e9e<\/option><option value=\"8000784 - destructeur 12 coupe droite\">8000784 - destructeur 12 coupe droite<\/option><option value=\"8053940 \u2013 A4 plastifieuse alaska ignite\">8053940 \u2013 A4 plastifieuse alaska ignite<\/option><option value=\"8053964 - A3 plastifieuse alaska ignite\">8053964 - A3 plastifieuse alaska ignite<\/option><option value=\"8030903 - smartmaster 2 perfo-relieur\">8030903 - smartmaster 2 perfo-relieur<\/option><\/select><\/span>\n<\/p>\n<p><span class=\"wpcf7-form-control-wrap\" data-name=\"serial-number\"><input size=\"40\" class=\"wpcf7-form-control wpcf7-text wpcf7-validates-as-required\" aria-required=\"true\" aria-invalid=\"false\" placeholder=\"numero de serie (affich\u00e9 au bas du produit - obligatoire)\" value=\"\" type=\"text\" name=\"serial-number\" \/><\/span><br \/>\n<span class=\"wpcf7-form-control-wrap\" data-name=\"date-4\"><input class=\"wpcf7-form-control wpcf7-date wpcf7-validates-as-required wpcf7-validates-as-date\" step=\"1\" aria-required=\"true\" aria-invalid=\"false\" placeholder=\"2014-03-20 (example de date d\u2019achat - obligatoire)\" value=\"\" type=\"date\" name=\"date-4\" \/><\/span><br \/>\n<span class=\"wpcf7-form-control-wrap\" data-name=\"point-purchase\"><input size=\"40\" class=\"wpcf7-form-control wpcf7-text wpcf7-validates-as-required\" aria-required=\"true\" aria-invalid=\"false\" placeholder=\"point de vente (obligatoire)\" value=\"\" type=\"text\" name=\"point-purchase\" \/><\/span><br \/>\n<span class=\"wpcf7-form-control-wrap\" data-name=\"place-purchase\"><input size=\"40\" class=\"wpcf7-form-control wpcf7-text wpcf7-validates-as-required\" aria-required=\"true\" aria-invalid=\"false\" placeholder=\"adresse du point de vente (obligatoire)\" value=\"\" type=\"text\" name=\"place-purchase\" \/><\/span>\n<\/p>\n<p class=\"gdpr\"><span class=\"wpcf7-form-control-wrap wpgdprc\"><span class=\"wpcf7-form-control wpcf7-wpgdprc wpcf7-validates-as-required\"><span class=\"wpcf7-list-item\"><input type=\"checkbox\" name=\"wpgdprc\" value=\"1\" aria-required=\"true\" aria-invalid=\"false\" \/><span class=\"wpcf7-list-item-label\">By using this form you agree with the storage and handling of your data by this website.<\/span><\/span><\/span>    <\/span>\n<\/p>\n<p><input class=\"wpcf7-form-control wpcf7-submit has-spinner\" type=\"submit\" value=\"l\u2019envoi\" \/>\n<\/p><div class=\"wpcf7-response-output\" aria-hidden=\"true\"><\/div>\n<\/form>\n<\/div>\n\n<\/div><\/div><\/div>\n","protected":false},"excerpt":{"rendered":"","protected":false},"author":1,"featured_media":0,"parent":9,"menu_order":0,"comment_status":"closed","ping_status":"closed","template":"","meta":{"footnotes":""},"class_list":["post-298","page","type-page","status-publish"],"yoast_head":"<!-- This site is optimized with the Yoast SEO plugin v22.8 - https:\/\/yoast.com\/wordpress\/plugins\/seo\/ -->\n<title>Pavo Sales B.V. legislation<\/title>\n<meta name=\"robots\" content=\"index, follow, max-snippet:-1, max-image-preview:large, max-video-preview:-1\" \/>\n<link rel=\"canonical\" href=\"https:\/\/pavo.eu\/fr\/soutien\/legislation\/\" \/>\n<meta property=\"og:locale\" content=\"fr_FR\" \/>\n<meta property=\"og:type\" content=\"article\" \/>\n<meta property=\"og:title\" content=\"Pavo Sales B.V. legislation\" \/>\n<meta property=\"og:url\" content=\"https:\/\/pavo.eu\/fr\/soutien\/legislation\/\" \/>\n<meta property=\"og:site_name\" content=\"Pavo Sales B.V.\" \/>\n<meta property=\"article:modified_time\" content=\"2023-04-05T11:59:59+00:00\" \/>\n<meta name=\"twitter:label1\" content=\"Dur\u00e9e de lecture estim\u00e9e\" \/>\n\t<meta name=\"twitter:data1\" content=\"1 minute\" \/>\n<script type=\"application\/ld+json\" class=\"yoast-schema-graph\">{\"@context\":\"https:\/\/schema.org\",\"@graph\":[{\"@type\":\"WebPage\",\"@id\":\"https:\/\/pavo.eu\/fr\/soutien\/legislation\/\",\"url\":\"https:\/\/pavo.eu\/fr\/soutien\/legislation\/\",\"name\":\"Pavo Sales B.V. legislation\",\"isPartOf\":{\"@id\":\"https:\/\/pavo.eu\/fr\/#website\"},\"datePublished\":\"2014-03-18T10:50:38+00:00\",\"dateModified\":\"2023-04-05T11:59:59+00:00\",\"breadcrumb\":{\"@id\":\"https:\/\/pavo.eu\/fr\/soutien\/legislation\/#breadcrumb\"},\"inLanguage\":\"fr-FR\",\"potentialAction\":[{\"@type\":\"ReadAction\",\"target\":[\"https:\/\/pavo.eu\/fr\/soutien\/legislation\/\"]}]},{\"@type\":\"BreadcrumbList\",\"@id\":\"https:\/\/pavo.eu\/fr\/soutien\/legislation\/#breadcrumb\",\"itemListElement\":[{\"@type\":\"ListItem\",\"position\":1,\"name\":\"soutien\",\"item\":\"https:\/\/pavo.eu\/fr\/soutien\/\"},{\"@type\":\"ListItem\",\"position\":2,\"name\":\"legislation\"}]},{\"@type\":\"WebSite\",\"@id\":\"https:\/\/pavo.eu\/fr\/#website\",\"url\":\"https:\/\/pavo.eu\/fr\/\",\"name\":\"Pavo Sales B.V.\",\"description\":\"company website\",\"publisher\":{\"@id\":\"https:\/\/pavo.eu\/fr\/#organization\"},\"potentialAction\":[{\"@type\":\"SearchAction\",\"target\":{\"@type\":\"EntryPoint\",\"urlTemplate\":\"https:\/\/pavo.eu\/fr\/?s={search_term_string}\"},\"query-input\":\"required name=search_term_string\"}],\"inLanguage\":\"fr-FR\"},{\"@type\":\"Organization\",\"@id\":\"https:\/\/pavo.eu\/fr\/#organization\",\"name\":\"Pavo Sales B.V.\",\"url\":\"https:\/\/pavo.eu\/fr\/\",\"logo\":{\"@type\":\"ImageObject\",\"inLanguage\":\"fr-FR\",\"@id\":\"https:\/\/pavo.eu\/fr\/#\/schema\/logo\/image\/\",\"url\":\"https:\/\/pavo.eu\/fr\/wp-content\/uploads\/2023\/02\/logo-small.png\",\"contentUrl\":\"https:\/\/pavo.eu\/fr\/wp-content\/uploads\/2023\/02\/logo-small.png\",\"width\":177,\"height\":57,\"caption\":\"Pavo Sales B.V.\"},\"image\":{\"@id\":\"https:\/\/pavo.eu\/fr\/#\/schema\/logo\/image\/\"}}]}<\/script>\n<!-- \/ Yoast SEO plugin. -->","yoast_head_json":{"title":"Pavo Sales B.V. legislation","robots":{"index":"index","follow":"follow","max-snippet":"max-snippet:-1","max-image-preview":"max-image-preview:large","max-video-preview":"max-video-preview:-1"},"canonical":"https:\/\/pavo.eu\/fr\/soutien\/legislation\/","og_locale":"fr_FR","og_type":"article","og_title":"Pavo Sales B.V. legislation","og_url":"https:\/\/pavo.eu\/fr\/soutien\/legislation\/","og_site_name":"Pavo Sales B.V.","article_modified_time":"2023-04-05T11:59:59+00:00","twitter_misc":{"Dur\u00e9e de lecture estim\u00e9e":"1 minute"},"schema":{"@context":"https:\/\/schema.org","@graph":[{"@type":"WebPage","@id":"https:\/\/pavo.eu\/fr\/soutien\/legislation\/","url":"https:\/\/pavo.eu\/fr\/soutien\/legislation\/","name":"Pavo Sales B.V. legislation","isPartOf":{"@id":"https:\/\/pavo.eu\/fr\/#website"},"datePublished":"2014-03-18T10:50:38+00:00","dateModified":"2023-04-05T11:59:59+00:00","breadcrumb":{"@id":"https:\/\/pavo.eu\/fr\/soutien\/legislation\/#breadcrumb"},"inLanguage":"fr-FR","potentialAction":[{"@type":"ReadAction","target":["https:\/\/pavo.eu\/fr\/soutien\/legislation\/"]}]},{"@type":"BreadcrumbList","@id":"https:\/\/pavo.eu\/fr\/soutien\/legislation\/#breadcrumb","itemListElement":[{"@type":"ListItem","position":1,"name":"soutien","item":"https:\/\/pavo.eu\/fr\/soutien\/"},{"@type":"ListItem","position":2,"name":"legislation"}]},{"@type":"WebSite","@id":"https:\/\/pavo.eu\/fr\/#website","url":"https:\/\/pavo.eu\/fr\/","name":"Pavo Sales B.V.","description":"company website","publisher":{"@id":"https:\/\/pavo.eu\/fr\/#organization"},"potentialAction":[{"@type":"SearchAction","target":{"@type":"EntryPoint","urlTemplate":"https:\/\/pavo.eu\/fr\/?s={search_term_string}"},"query-input":"required name=search_term_string"}],"inLanguage":"fr-FR"},{"@type":"Organization","@id":"https:\/\/pavo.eu\/fr\/#organization","name":"Pavo Sales B.V.","url":"https:\/\/pavo.eu\/fr\/","logo":{"@type":"ImageObject","inLanguage":"fr-FR","@id":"https:\/\/pavo.eu\/fr\/#\/schema\/logo\/image\/","url":"https:\/\/pavo.eu\/fr\/wp-content\/uploads\/2023\/02\/logo-small.png","contentUrl":"https:\/\/pavo.eu\/fr\/wp-content\/uploads\/2023\/02\/logo-small.png","width":177,"height":57,"caption":"Pavo Sales B.V."},"image":{"@id":"https:\/\/pavo.eu\/fr\/#\/schema\/logo\/image\/"}}]}},"_links":{"self":[{"href":"https:\/\/pavo.eu\/fr\/wp-json\/wp\/v2\/pages\/298","targetHints":{"allow":["GET"]}}],"collection":[{"href":"https:\/\/pavo.eu\/fr\/wp-json\/wp\/v2\/pages"}],"about":[{"href":"https:\/\/pavo.eu\/fr\/wp-json\/wp\/v2\/types\/page"}],"author":[{"embeddable":true,"href":"https:\/\/pavo.eu\/fr\/wp-json\/wp\/v2\/users\/1"}],"replies":[{"embeddable":true,"href":"https:\/\/pavo.eu\/fr\/wp-json\/wp\/v2\/comments?post=298"}],"version-history":[{"count":19,"href":"https:\/\/pavo.eu\/fr\/wp-json\/wp\/v2\/pages\/298\/revisions"}],"predecessor-version":[{"id":1619,"href":"https:\/\/pavo.eu\/fr\/wp-json\/wp\/v2\/pages\/298\/revisions\/1619"}],"up":[{"embeddable":true,"href":"https:\/\/pavo.eu\/fr\/wp-json\/wp\/v2\/pages\/9"}],"wp:attachment":[{"href":"https:\/\/pavo.eu\/fr\/wp-json\/wp\/v2\/media?parent=298"}],"curies":[{"name":"wp","href":"https:\/\/api.w.org\/{rel}","templated":true}]}}